{"id":1101,"date":"2017-03-04T21:49:10","date_gmt":"2017-03-04T18:49:10","guid":{"rendered":"http:\/\/kmgroup.com.tr\/?page_id=1101"},"modified":"2021-02-23T21:59:31","modified_gmt":"2021-02-23T18:59:31","slug":"agro","status":"publish","type":"page","link":"https:\/\/kmgroup.com.tr\/index.php\/agro\/","title":{"rendered":"Agro"},"content":{"rendered":"<section class=\"wpb-content-wrapper\"><p>[vc_row][vc_column][vc_custom_heading text=&#8221;KM AGRO&#8221;][vc_column_text]KM AGRO is the Regional Distributor of \u00d6ZLEM TARIM company, which started its activities as the first private feed establishment of the sector and the region with the feed factory established in Salihli in 1980.<\/p>\n<p>\u00d6zlem Tar\u0131m, operating in line with its goal of &#8220;Balanced and Economical Nutrition&#8221;; While producing feed with \u00d6zlem Yem and Paki\u015f Yem brands, it also offers feed additives and performance products with the Verimix brand.<\/p>\n<p>Within the integrated system with feed production;<\/p>\n<p>Producing Milk and Eggs with the \u00d6zlem S\u00fct and \u00d6zlem Yumurta brands, \u00d6zlem Tar\u0131m always prioritizes productivity and sustainability as its production principle.<\/p>\n<p>In addition, the company has achieved high traceability and efficiency in milk and egg production, as well as controlling all inputs by producing corn silage, wheat and alfalfa for its own animals in the agricultural lands within the company.<\/p>\n<p>\u00d6zlem Tar\u0131m \u00dcr\u00fcnleri A.\u015e. has carried out studies based on efficiency with its specialized staff, high-tech production facilities, R&amp;D activities at international level, and has succeeded in making a difference in the field with the positive results obtained in these studies, depending on the goal of &#8220;Balanced and Economic Feeding&#8221;.<\/p>\n<p>Waving the flag of \u00d6ZLEM YEM in the region adds value to the KM AGRO brand. We are honored to add value to the sector by serving with our conscious, researcher and experienced team in the agriculture and livestock sector.[\/vc_column_text][vc_empty_space height=&#8221;150px&#8221;][vc_column_text]<div class=\"_df_book df-lite\" id=\"df_1849\"  data-title=\"\" _slug=\"1849\" wpoptions=\"true\" thumbtype=\"bg\" ><p class=\"df-raw-loading\">Please wait while flipbook is loading. For more related info, FAQs and issues please refer to <a href=\"https:\/\/wordpress.org\/plugins\/3d-flipbook-dflip-lite\/#installation\">DearFlip WordPress Flipbook Plugin Help<\/a> documentation.<\/p><\/div><script class=\"df-shortcode-script\" type=\"application\/javascript\">window.option_df_1849 = {\"outline\":[],\"forceFit\":\"true\",\"autoEnableOutline\":\"false\",\"autoEnableThumbnail\":\"false\",\"overwritePDFOutline\":\"false\",\"direction\":\"1\",\"pageSize\":\"0\",\"source\":\"http:\\\/\\\/kmgroup.com.tr\\\/wp-content\\\/uploads\\\/2021\\\/02\\\/KM-AGRO.pdf\",\"wpOptions\":\"true\"}; if(window.DFLIP && window.DFLIP.parseBooks){window.DFLIP.parseBooks();}<\/script>[\/vc_column_text][\/vc_column][\/vc_row][vc_row][vc_column][vc_empty_space height=&#8221;302px&#8221;][\/vc_column][\/vc_row]<\/p>\n<\/section>","protected":false},"excerpt":{"rendered":"<p>[vc_row][vc_column][vc_custom_heading text=&#8221;KM AGRO&#8221;][vc_column_text]KM AGRO is the Regional Distributor of \u00d6ZLEM TARIM company, which started its activities as the first private [&hellip;]<\/p>\n","protected":false},"author":1,"featured_media":0,"parent":0,"menu_order":0,"comment_status":"open","ping_status":"open","template":"","meta":{"_links_to":"","_links_to_target":""},"_links":{"self":[{"href":"https:\/\/kmgroup.com.tr\/index.php\/wp-json\/wp\/v2\/pages\/1101"}],"collection":[{"href":"https:\/\/kmgroup.com.tr\/index.php\/wp-json\/wp\/v2\/pages"}],"about":[{"href":"https:\/\/kmgroup.com.tr\/index.php\/wp-json\/wp\/v2\/types\/page"}],"author":[{"embeddable":true,"href":"https:\/\/kmgroup.com.tr\/index.php\/wp-json\/wp\/v2\/users\/1"}],"replies":[{"embeddable":true,"href":"https:\/\/kmgroup.com.tr\/index.php\/wp-json\/wp\/v2\/comments?post=1101"}],"version-history":[{"count":21,"href":"https:\/\/kmgroup.com.tr\/index.php\/wp-json\/wp\/v2\/pages\/1101\/revisions"}],"predecessor-version":[{"id":1862,"href":"https:\/\/kmgroup.com.tr\/index.php\/wp-json\/wp\/v2\/pages\/1101\/revisions\/1862"}],"wp:attachment":[{"href":"https:\/\/kmgroup.com.tr\/index.php\/wp-json\/wp\/v2\/media?parent=1101"}],"curies":[{"name":"wp","href":"https:\/\/api.w.org\/{rel}","templated":true}]}}